{"id":24574,"date":"2016-06-02T15:34:51","date_gmt":"2016-06-02T15:34:51","guid":{"rendered":"http:\/\/paseoporlavida.com.ar\/?page_id=24574"},"modified":"2016-06-02T15:34:51","modified_gmt":"2016-06-02T15:34:51","slug":"home","status":"publish","type":"page","link":"https:\/\/paseoporlavida.com.ar\/","title":{"rendered":"Home"},"content":{"rendered":"<p>[et_pb_section admin_label=&#8221;Section&#8221; fullwidth=&#8221;on&#8221; specialty=&#8221;off&#8221; transparent_background=&#8221;off&#8221; background_color=&#8221;#ffffff&#8221; allow_player_pause=&#8221;off&#8221; inner_shadow=&#8221;off&#8221; parallax=&#8221;off&#8221; parallax_method=&#8221;off&#8221; padding_mobile=&#8221;off&#8221; make_fullwidth=&#8221;off&#8221; use_custom_width=&#8221;off&#8221; width_unit=&#8221;on&#8221; make_equal=&#8221;off&#8221; use_custom_gutter=&#8221;off&#8221;][et_pb_fullwidth_slider admin_label=&#8221;Fullwidth Slider&#8221; show_arrows=&#8221;off&#8221; show_pagination=&#8221;off&#8221; auto=&#8221;off&#8221; auto_ignore_hover=&#8221;off&#8221; parallax=&#8221;off&#8221; parallax_method=&#8221;off&#8221; remove_inner_shadow=&#8221;off&#8221; background_position=&#8221;default&#8221; background_size=&#8221;default&#8221; hide_content_on_mobile=&#8221;off&#8221; hide_cta_on_mobile=&#8221;off&#8221; show_image_video_mobile=&#8221;off&#8221; custom_button=&#8221;off&#8221; button_letter_spacing=&#8221;0&#8243; button_use_icon=&#8221;default&#8221; button_icon_placement=&#8221;right&#8221; button_on_hover=&#8221;on&#8221; button_letter_spacing_hover=&#8221;0&#8243;] [et_pb_slide heading=&#8221;Un proyecto de Casino Magic&#8221; button_text=&#8221;PARTICIPAR&#8221; button_link=&#8221;http:\/\/paseoporlavida.com.ar\/&#8221; background_position=&#8221;default&#8221; background_size=&#8221;default&#8221; use_bg_overlay=&#8221;on&#8221; bg_overlay_color=&#8221;rgba(0,0,0,0.38)&#8221; use_text_overlay=&#8221;off&#8221; alignment=&#8221;center&#8221; background_layout=&#8221;dark&#8221; allow_player_pause=&#8221;off&#8221; text_border_radius=&#8221;2&#8243; header_font_select=&#8221;Lobster&#8221; header_font=&#8221;Lobster||||&#8221; body_font_select=&#8221;Roboto&#8221; body_font=&#8221;Roboto||||&#8221; custom_button=&#8221;on&#8221; button_font_select=&#8221;default&#8221; button_font=&#8221;||||&#8221; button_use_icon=&#8221;default&#8221; button_icon_placement=&#8221;right&#8221; button_on_hover=&#8221;on&#8221; body_text_color=&#8221;#ffffff&#8221; button_bg_color=&#8221;#dd3333&#8243; button_border_color=&#8221;#dd3333&#8243; button_text_size=&#8221;30&#8243; button_text_size_tablet=&#8221;30&#8243; button_text_size_phone=&#8221;30&#8243; header_font_size=&#8221;60&#8243; header_font_size_tablet=&#8221;60&#8243; header_font_size_phone=&#8221;60&#8243; header_text_color=&#8221;#ffffff&#8221; background_image=&#8221;http:\/\/paseoporlavida.com.ar\/wp-content\/uploads\/2016\/06\/fondo.jpg&#8221; background_color=&#8221;#ffffff&#8221;]<\/p>\n<p>&nbsp;<\/p>\n<p>Nuestro\u00a0principal objetivo es mostrar, ayudar y dar conciencia a trav\u00e9s de distintos concursos\u00a0fotogr\u00e1ficos sobre las problem\u00e1ticas relacionadas con la sociedad, el medio ambiente, y la\u00a0inclusi\u00f3n social, promoviendo a su vez la cultura y el arte de la fotograf\u00eda.<\/p>\n<p>&nbsp;<\/p>\n<p>&nbsp;<\/p>\n<p>[\/et_pb_slide] [\/et_pb_fullwidth_slider][\/et_pb_section][et_pb_section admin_label=&#8221;Section&#8221; fullwidth=&#8221;off&#8221; specialty=&#8221;off&#8221; transparent_background=&#8221;off&#8221; background_color=&#8221;#ffffff&#8221; allow_player_pause=&#8221;off&#8221; inner_shadow=&#8221;off&#8221; parallax=&#8221;off&#8221; parallax_method=&#8221;off&#8221; padding_mobile=&#8221;off&#8221; make_fullwidth=&#8221;off&#8221; use_custom_width=&#8221;off&#8221; width_unit=&#8221;on&#8221; make_equal=&#8221;off&#8221; use_custom_gutter=&#8221;off&#8221;][et_pb_row admin_label=&#8221;Row&#8221; make_fullwidth=&#8221;on&#8221; use_custom_width=&#8221;off&#8221; width_unit=&#8221;on&#8221; use_custom_gutter=&#8221;on&#8221; gutter_width=&#8221;1&#8243; padding_mobile=&#8221;on&#8221; allow_player_pause=&#8221;off&#8221; parallax=&#8221;off&#8221; parallax_method=&#8221;off&#8221; make_equal=&#8221;off&#8221; parallax_1=&#8221;off&#8221; parallax_method_1=&#8221;off&#8221; parallax_2=&#8221;off&#8221; parallax_method_2=&#8221;off&#8221; column_padding_mobile=&#8221;on&#8221; background_color_1=&#8221;#ffffff&#8221; custom_padding=&#8221;104px||0px|&#8221; disabled=&#8221;off&#8221; disabled_on=&#8221;on|on|&#8221;][et_pb_column type=&#8221;1_2&#8243;][\/et_pb_column][et_pb_column type=&#8221;1_2&#8243;][et_pb_image admin_label=&#8221;Laptop Mock-up&#8221; src=&#8221;http:\/\/paseoporlavida.com.ar\/wp-content\/uploads\/2016\/06\/camara-2.png&#8221; show_in_lightbox=&#8221;off&#8221; url_new_window=&#8221;off&#8221; use_overlay=&#8221;off&#8221; animation=&#8221;right&#8221; sticky=&#8221;off&#8221; align=&#8221;right&#8221; force_fullwidth=&#8221;off&#8221; always_center_on_mobile=&#8221;off&#8221; use_border_color=&#8221;off&#8221; border_color=&#8221;#ffffff&#8221; border_style=&#8221;solid&#8221; custom_margin_tablet=&#8221;0px|||&#8221; custom_margin_last_edited=&#8221;on|desktop&#8221;] [\/et_pb_image][\/et_pb_column][\/et_pb_row][et_pb_row admin_label=&#8221;Row&#8221; make_fullwidth=&#8221;off&#8221; use_custom_width=&#8221;off&#8221; width_unit=&#8221;on&#8221; use_custom_gutter=&#8221;off&#8221; gutter_width=&#8221;1&#8243; custom_padding=&#8221;0px||0px|&#8221; padding_mobile=&#8221;on&#8221; allow_player_pause=&#8221;off&#8221; parallax=&#8221;off&#8221; parallax_method=&#8221;off&#8221; make_equal=&#8221;off&#8221; parallax_1=&#8221;off&#8221; parallax_method_1=&#8221;off&#8221; parallax_2=&#8221;off&#8221; parallax_method_2=&#8221;off&#8221; column_padding_mobile=&#8221;on&#8221; background_color_1=&#8221;#ffffff&#8221; custom_padding_tablet=&#8221;104px|||&#8221; custom_padding_last_edited=&#8221;on|desktop&#8221;][et_pb_column type=&#8221;1_2&#8243;][et_pb_text admin_label=&#8221;Technology&#8221; background_layout=&#8221;light&#8221; text_orientation=&#8221;left&#8221; text_font=&#8221;Roboto||||&#8221; text_font_size=&#8221;24&#8243; text_text_color=&#8221;#909394&#8243; text_line_height=&#8221;1.4em&#8221; use_border_color=&#8221;off&#8221; border_color=&#8221;#ffffff&#8221; border_style=&#8221;solid&#8221; custom_css_main_element=&#8221;font-weight: 400;&#8221; max_width=&#8221;540px&#8221; custom_margin=&#8221;-520px||10px|&#8221; custom_margin_last_edited=&#8221;on|phone&#8221; custom_margin_tablet=&#8221;0px||10px|&#8221;]<\/p>\n<p>Para participar<\/p>\n<p>[\/et_pb_text][et_pb_text admin_label=&#8221;All you need is a browser.&#8221; background_layout=&#8221;light&#8221; text_orientation=&#8221;left&#8221; text_font=&#8221;Roboto Light||||&#8221; text_font_size=&#8221;56&#8243; text_text_color=&#8221;#262e32&#8243; use_border_color=&#8221;off&#8221; border_color=&#8221;#ffffff&#8221; border_style=&#8221;solid&#8221; text_line_height=&#8221;1.2em&#8221; custom_css_main_element=&#8221;font-weight: 300;&#8221; max_width=&#8221;540px&#8221; custom_margin=&#8221;20px|||&#8221;]<\/p>\n<p>Todo lo que necesitas es una buena c\u00e1mara fotogr\u00e1fica<\/p>\n<p>[\/et_pb_text][et_pb_text admin_label=&#8221;Text&#8221; background_layout=&#8221;light&#8221; text_orientation=&#8221;left&#8221; text_font=&#8221;Roboto Light||||&#8221; text_font_size=&#8221;24&#8243; text_text_color=&#8221;#5b666d&#8221; use_border_color=&#8221;off&#8221; border_color=&#8221;#ffffff&#8221; border_style=&#8221;solid&#8221; text_line_height=&#8221;1.5em&#8221; custom_margin=&#8221;18px||32px|&#8221; custom_css_main_element=&#8221;font-weight: 300;&#8221; max_width=&#8221;540px&#8221;]<\/p>\n<p>Retrata con creatividad y pasi\u00f3n las consignas de nuestros concursos y particip\u00e1 por distintos premios!<\/p>\n<p>[\/et_pb_text][et_pb_button admin_label=&#8221;Button&#8221; button_url=&#8221;#&#8221; url_new_window=&#8221;off&#8221; button_text=&#8221;Comenzar&#8221; button_alignment=&#8221;left&#8221; background_layout=&#8221;light&#8221; custom_button=&#8221;on&#8221; button_text_size=&#8221;15&#8243; button_text_color=&#8221;#ffffff&#8221; button_bg_color=&#8221;#e02b20&#8243; button_border_width=&#8221;13&#8243; button_border_color=&#8221;#e02b20&#8243; button_border_radius=&#8221;4&#8243; button_letter_spacing=&#8221;1&#8243; button_font=&#8221;Roboto||||&#8221; button_use_icon=&#8221;off&#8221; button_icon_placement=&#8221;right&#8221; button_on_hover=&#8221;on&#8221; button_border_color_hover=&#8221;#e02b20&#8243; button_border_radius_hover=&#8221;4&#8243; button_letter_spacing_hover=&#8221;1&#8243;] [\/et_pb_button][\/et_pb_column][et_pb_column type=&#8221;1_2&#8243;][\/et_pb_column][\/et_pb_row][et_pb_row admin_label=&#8221;Row&#8221; make_fullwidth=&#8221;on&#8221; use_custom_width=&#8221;off&#8221; width_unit=&#8221;on&#8221; use_custom_gutter=&#8221;on&#8221; gutter_width=&#8221;1&#8243; custom_padding=&#8221;90px|||&#8221; padding_mobile=&#8221;on&#8221; allow_player_pause=&#8221;off&#8221; parallax=&#8221;off&#8221; parallax_method=&#8221;off&#8221; make_equal=&#8221;off&#8221; parallax_1=&#8221;off&#8221; parallax_method_1=&#8221;off&#8221; column_padding_mobile=&#8221;on&#8221;][et_pb_column type=&#8221;4_4&#8243;][et_pb_divider admin_label=&#8221;Divider&#8221; color=&#8221;#d7dce1&#8243; show_divider=&#8221;off&#8221; divider_style=&#8221;solid&#8221; divider_position=&#8221;top&#8221; hide_on_mobile=&#8221;off&#8221;] [\/et_pb_divider][\/et_pb_column][\/et_pb_row][\/et_pb_section][et_pb_section admin_label=&#8221;Section&#8221; fullwidth=&#8221;off&#8221; specialty=&#8221;off&#8221; transparent_background=&#8221;off&#8221; background_color=&#8221;#f7f8fa&#8221; allow_player_pause=&#8221;off&#8221; inner_shadow=&#8221;off&#8221; parallax=&#8221;off&#8221; parallax_method=&#8221;off&#8221; padding_mobile=&#8221;off&#8221; make_fullwidth=&#8221;off&#8221; use_custom_width=&#8221;off&#8221; width_unit=&#8221;on&#8221; make_equal=&#8221;off&#8221; use_custom_gutter=&#8221;off&#8221; custom_css_main_element=&#8221;border-bottom: 1px solid #D7DCE1;&#8221; disabled_on=&#8221;on|on|off&#8221; disabled=&#8221;off&#8221;][et_pb_row admin_label=&#8221;Row&#8221; make_fullwidth=&#8221;off&#8221; use_custom_width=&#8221;on&#8221; width_unit=&#8221;on&#8221; custom_width_px=&#8221;780px&#8221; use_custom_gutter=&#8221;off&#8221; padding_mobile=&#8221;on&#8221; allow_player_pause=&#8221;off&#8221; parallax=&#8221;off&#8221; parallax_method=&#8221;off&#8221; make_equal=&#8221;off&#8221; parallax_1=&#8221;off&#8221; parallax_method_1=&#8221;off&#8221; column_padding_mobile=&#8221;on&#8221; custom_padding=&#8221;104px|||&#8221;][et_pb_column type=&#8221;4_4&#8243;][et_pb_text admin_label=&#8221;Gallery&#8221; background_layout=&#8221;light&#8221; text_orientation=&#8221;center&#8221; text_font=&#8221;Roboto||||&#8221; text_font_size=&#8221;24&#8243; text_text_color=&#8221;#909394&#8243; text_line_height=&#8221;1.4em&#8221; use_border_color=&#8221;off&#8221; border_color=&#8221;#ffffff&#8221; border_style=&#8221;solid&#8221; custom_css_main_element=&#8221;font-weight: 400;&#8221; header_text_color=&#8221;#e02b20&#8243;]<\/p>\n<p>Particip\u00e1 del primer concurso<\/p>\n<p>[\/et_pb_text][et_pb_text admin_label=&#8221;titulo&#8221; background_layout=&#8221;light&#8221; text_orientation=&#8221;center&#8221; text_font=&#8221;Roboto Light||||&#8221; text_font_size=&#8221;56&#8243; text_text_color=&#8221;#262e32&#8243; use_border_color=&#8221;off&#8221; border_color=&#8221;#ffffff&#8221; border_style=&#8221;solid&#8221; text_line_height=&#8221;1.2em&#8221; custom_css_main_element=&#8221;font-weight: 300;&#8221;]<\/p>\n<p class=\"p1\"><span class=\"s1\">Completa el formulario y carg\u00e1 tu foto para participar.<\/span><\/p>\n<p>[\/et_pb_text][et_pb_text admin_label=&#8221;Text&#8221; background_layout=&#8221;dark&#8221; text_orientation=&#8221;center&#8221; text_font=&#8221;Roboto Light||||&#8221; text_font_size=&#8221;24&#8243; text_text_color=&#8221;#5b666d&#8221; use_border_color=&#8221;off&#8221; border_color=&#8221;#ffffff&#8221; border_style=&#8221;solid&#8221; text_line_height=&#8221;1.5em&#8221; custom_margin=&#8221;24px|||&#8221; custom_css_main_element=&#8221;font-weight: 300;&#8221;]<\/p>\n<p>\u00bfQue sabemos del S\u00edndrome de Down?<\/p>\n<p>[\/et_pb_text][\/et_pb_column][\/et_pb_row][et_pb_row admin_label=&#8221;Row&#8221; make_fullwidth=&#8221;off&#8221; use_custom_width=&#8221;off&#8221; width_unit=&#8221;on&#8221; use_custom_gutter=&#8221;on&#8221; custom_padding=&#8221;40px||0px|&#8221; padding_mobile=&#8221;on&#8221; allow_player_pause=&#8221;off&#8221; parallax=&#8221;off&#8221; parallax_method=&#8221;off&#8221; make_equal=&#8221;off&#8221; parallax_1=&#8221;off&#8221; parallax_method_1=&#8221;off&#8221; column_padding_mobile=&#8221;on&#8221; gutter_width=&#8221;2&#8243; parallax_2=&#8221;off&#8221; parallax_method_2=&#8221;off&#8221;][et_pb_column type=&#8221;1_2&#8243;][et_pb_image admin_label=&#8221;Image&#8221; src=&#8221;http:\/\/paseoporlavida.com.ar\/wp-content\/uploads\/2016\/06\/1.jpg&#8221; show_in_lightbox=&#8221;off&#8221; url_new_window=&#8221;off&#8221; use_overlay=&#8221;off&#8221; animation=&#8221;off&#8221; sticky=&#8221;off&#8221; align=&#8221;left&#8221; force_fullwidth=&#8221;off&#8221; always_center_on_mobile=&#8221;on&#8221; use_border_color=&#8221;off&#8221; border_color=&#8221;#ffffff&#8221; border_style=&#8221;solid&#8221;] [\/et_pb_image][\/et_pb_column][et_pb_column type=&#8221;1_2&#8243;][et_pb_image admin_label=&#8221;Image&#8221; src=&#8221;http:\/\/paseoporlavida.com.ar\/wp-content\/uploads\/2016\/06\/2.jpg&#8221; show_in_lightbox=&#8221;off&#8221; url_new_window=&#8221;off&#8221; use_overlay=&#8221;off&#8221; animation=&#8221;left&#8221; sticky=&#8221;off&#8221; align=&#8221;left&#8221; force_fullwidth=&#8221;off&#8221; always_center_on_mobile=&#8221;on&#8221; use_border_color=&#8221;off&#8221; border_color=&#8221;#ffffff&#8221; border_style=&#8221;solid&#8221;] [\/et_pb_image][\/et_pb_column][\/et_pb_row][et_pb_row admin_label=&#8221;Row&#8221; make_fullwidth=&#8221;off&#8221; use_custom_width=&#8221;off&#8221; width_unit=&#8221;on&#8221; use_custom_gutter=&#8221;off&#8221; padding_mobile=&#8221;on&#8221; allow_player_pause=&#8221;off&#8221; parallax=&#8221;off&#8221; parallax_method=&#8221;off&#8221; make_equal=&#8221;off&#8221; parallax_1=&#8221;off&#8221; parallax_method_1=&#8221;off&#8221; column_padding_mobile=&#8221;on&#8221; custom_padding=&#8221;32px|||&#8221; custom_padding_last_edited=&#8221;on|phone&#8221; custom_padding_tablet=&#8221;12px|||&#8221; custom_padding_phone=&#8221;0px|||&#8221;][et_pb_column type=&#8221;4_4&#8243;][et_pb_image admin_label=&#8221;Image&#8221; src=&#8221;http:\/\/paseoporlavida.com.ar\/wp-content\/uploads\/2016\/06\/3.jpg&#8221; show_in_lightbox=&#8221;off&#8221; url_new_window=&#8221;off&#8221; use_overlay=&#8221;off&#8221; animation=&#8221;left&#8221; sticky=&#8221;off&#8221; align=&#8221;left&#8221; force_fullwidth=&#8221;off&#8221; always_center_on_mobile=&#8221;on&#8221; use_border_color=&#8221;off&#8221; border_color=&#8221;#ffffff&#8221; border_style=&#8221;solid&#8221;] [\/et_pb_image][\/et_pb_column][\/et_pb_row][et_pb_row admin_label=&#8221;Fila&#8221;][et_pb_column type=&#8221;4_4&#8243;][et_pb_cta admin_label=&#8221;Call To Action&#8221; url_new_window=&#8221;off&#8221; use_background_color=&#8221;off&#8221; background_color=&#8221;#7EBEC5&#8243; background_layout=&#8221;dark&#8221; text_orientation=&#8221;center&#8221; max_width=&#8221;520px&#8221; header_font=&#8221;Roboto||||&#8221; header_font_size=&#8221;56&#8243; header_font_size_last_edited=&#8221;on|phone&#8221; header_text_color=&#8221;#ffffff&#8221; header_line_height=&#8221;1.3em&#8221; body_font=&#8221;Roboto||||&#8221; body_font_size=&#8221;20&#8243; body_text_color=&#8221;#e02b20&#8243; body_line_height=&#8221;1.2em&#8221; use_border_color=&#8221;off&#8221; border_color=&#8221;#ffffff&#8221; border_style=&#8221;solid&#8221; custom_button=&#8221;on&#8221; button_text_color=&#8221;#ffffff&#8221; button_bg_color=&#8221;#e02b20&#8243; button_border_width=&#8221;8&#8243; button_border_color=&#8221;#e02b20&#8243; button_border_radius=&#8221;4&#8243; button_letter_spacing=&#8221;1&#8243; button_font=&#8221;Roboto||||&#8221; button_use_icon=&#8221;off&#8221; button_icon_placement=&#8221;right&#8221; button_on_hover=&#8221;on&#8221; button_border_color_hover=&#8221;#e02b20&#8243; button_border_radius_hover=&#8221;4&#8243; button_letter_spacing_hover=&#8221;1&#8243; custom_css_promo_description=&#8221;font-weight:400;&#8221; custom_css_promo_button=&#8221;margin-top:34px;&#8221; button_text_size=&#8221;15&#8243; header_font_size_tablet=&#8221;46&#8243; header_font_size_phone=&#8221;36&#8243; custom_css_main_element=&#8221;font-weight:400;&#8221; button_url=&#8221;#&#8221; button_text=&#8221;Subir Foto&#8221; custom_margin=&#8221;0px|||&#8221;] [\/et_pb_cta][\/et_pb_column][\/et_pb_row][\/et_pb_section][et_pb_section admin_label=&#8221;Section&#8221; fullwidth=&#8221;off&#8221; specialty=&#8221;off&#8221; transparent_background=&#8221;off&#8221; background_color=&#8221;#ffffff&#8221; allow_player_pause=&#8221;off&#8221; inner_shadow=&#8221;off&#8221; parallax=&#8221;off&#8221; parallax_method=&#8221;off&#8221; padding_mobile=&#8221;off&#8221; make_fullwidth=&#8221;off&#8221; use_custom_width=&#8221;off&#8221; width_unit=&#8221;on&#8221; make_equal=&#8221;off&#8221; use_custom_gutter=&#8221;off&#8221; custom_css_main_element=&#8221;border-bottom: 1px solid #D7DCE1;&#8221; disabled_on=&#8221;on|on|off&#8221; disabled=&#8221;off&#8221;][et_pb_row admin_label=&#8221;Row&#8221; make_fullwidth=&#8221;off&#8221; use_custom_width=&#8221;on&#8221; width_unit=&#8221;on&#8221; custom_width_px=&#8221;780px&#8221; use_custom_gutter=&#8221;off&#8221; padding_mobile=&#8221;on&#8221; allow_player_pause=&#8221;off&#8221; parallax=&#8221;off&#8221; parallax_method=&#8221;off&#8221; make_equal=&#8221;off&#8221; parallax_1=&#8221;off&#8221; parallax_method_1=&#8221;off&#8221; column_padding_mobile=&#8221;on&#8221; custom_padding=&#8221;104px|||&#8221;][et_pb_column type=&#8221;4_4&#8243;][et_pb_text admin_label=&#8221;Contact&#8221; background_layout=&#8221;light&#8221; text_orientation=&#8221;center&#8221; text_font=&#8221;Roboto||||&#8221; text_font_size=&#8221;24&#8243; text_text_color=&#8221;#909394&#8243; text_line_height=&#8221;1.4em&#8221; use_border_color=&#8221;off&#8221; border_color=&#8221;#ffffff&#8221; border_style=&#8221;solid&#8221; custom_css_main_element=&#8221;font-weight: 400;&#8221; custom_margin=&#8221;||14px|&#8221;]<\/p>\n<p>Contacto<\/p>\n<p>[\/et_pb_text][et_pb_text admin_label=&#8221;contacto&#8221; background_layout=&#8221;light&#8221; text_orientation=&#8221;center&#8221; text_font=&#8221;Roboto Light||||&#8221; text_font_size=&#8221;56&#8243; text_text_color=&#8221;#262e32&#8243; use_border_color=&#8221;off&#8221; border_color=&#8221;#ffffff&#8221; border_style=&#8221;solid&#8221; text_line_height=&#8221;1.2em&#8221; custom_css_main_element=&#8221;font-weight: 300;&#8221;]<\/p>\n<p class=\"p1\"><span class=\"s1\">Dejanos tu consulta<\/span><\/p>\n<p>[\/et_pb_text][\/et_pb_column][\/et_pb_row][et_pb_row admin_label=&#8221;Row&#8221; make_fullwidth=&#8221;off&#8221; use_custom_width=&#8221;on&#8221; width_unit=&#8221;on&#8221; use_custom_gutter=&#8221;off&#8221; padding_mobile=&#8221;on&#8221; allow_player_pause=&#8221;off&#8221; parallax=&#8221;off&#8221; parallax_method=&#8221;off&#8221; make_equal=&#8221;off&#8221; parallax_1=&#8221;off&#8221; parallax_method_1=&#8221;off&#8221; column_padding_mobile=&#8221;on&#8221; custom_padding=&#8221;48px||104px|&#8221; custom_padding_last_edited=&#8221;on|desktop&#8221; custom_padding_tablet=&#8221;12px|||&#8221; custom_padding_phone=&#8221;0px|||&#8221; custom_width_px=&#8221;780px&#8221;][et_pb_column type=&#8221;4_4&#8243;][et_pb_contact_form admin_label=&#8221;formulario&#8221; captcha=&#8221;off&#8221; use_redirect=&#8221;off&#8221; form_background_color=&#8221;#ffffff&#8221; input_border_radius=&#8221;4&#8243; title_font_size=&#8221;18&#8243; title_text_color=&#8221;#5b666d&#8221; form_field_font=&#8221;Roboto||||&#8221; form_field_font_size=&#8221;18&#8243; form_field_text_color=&#8221;#5b666d&#8221; use_border_color=&#8221;on&#8221; border_color=&#8221;#d7dce1&#8243; border_style=&#8221;solid&#8221; custom_button=&#8221;on&#8221; button_text_size=&#8221;15&#8243; button_text_color=&#8221;#ffffff&#8221; button_bg_color=&#8221;#e02b20&#8243; button_border_width=&#8221;9&#8243; button_border_color=&#8221;#e02b20&#8243; button_border_radius=&#8221;4&#8243; button_letter_spacing=&#8221;1&#8243; button_font=&#8221;Roboto||||&#8221; button_use_icon=&#8221;off&#8221; button_icon_placement=&#8221;right&#8221; button_on_hover=&#8221;on&#8221; button_border_radius_hover=&#8221;4&#8243; button_letter_spacing_hover=&#8221;1&#8243; email=&#8221;info@paseoporlavida.com.ar&#8221; success_message=&#8221;Gracias por tu consulta!&#8221;] [et_pb_contact_field field_title=&#8221;Nombre&#8221; field_type=&#8221;input&#8221; field_id=&#8221;Nombre&#8221; required_mark=&#8221;on&#8221; fullwidth_field=&#8221;off&#8221; input_border_radius=&#8221;0&#8243; form_field_font_select=&#8221;default&#8221; form_field_font=&#8221;||||&#8221; use_border_color=&#8221;off&#8221; border_style=&#8221;solid&#8221;] [\/et_pb_contact_field][et_pb_contact_field field_title=&#8221;Email&#8221; field_type=&#8221;email&#8221; field_id=&#8221;Email&#8221; required_mark=&#8221;on&#8221; fullwidth_field=&#8221;off&#8221; input_border_radius=&#8221;0&#8243; form_field_font_select=&#8221;default&#8221; form_field_font=&#8221;||||&#8221; use_border_color=&#8221;off&#8221; border_style=&#8221;solid&#8221;] [\/et_pb_contact_field][et_pb_contact_field field_title=&#8221;Mensaje&#8221; field_type=&#8221;text&#8221; field_id=&#8221;Mensaje&#8221; required_mark=&#8221;on&#8221; fullwidth_field=&#8221;on&#8221; input_border_radius=&#8221;0&#8243; form_field_font_select=&#8221;default&#8221; form_field_font=&#8221;||||&#8221; use_border_color=&#8221;off&#8221; border_style=&#8221;solid&#8221;] [\/et_pb_contact_field] [\/et_pb_contact_form][\/et_pb_column][\/et_pb_row][\/et_pb_section]<\/p>\n","protected":false},"excerpt":{"rendered":"<p>&nbsp; Nuestro\u00a0principal objetivo es mostrar, ayudar y dar conciencia a trav\u00e9s de distintos concursos\u00a0fotogr\u00e1ficos sobre las problem\u00e1ticas relacionadas con la sociedad, el medio ambiente, y la\u00a0inclusi\u00f3n social, promoviendo a su vez la cultura y el arte de la fotograf\u00eda. &nbsp; &nbsp; Para participar Todo lo que necesitas es una buena c\u00e1mara fotogr\u00e1fica Retrata con creatividad [&hellip;]<\/p>\n","protected":false},"author":1,"featured_media":0,"parent":0,"menu_order":0,"comment_status":"closed","ping_status":"closed","template":"","meta":{"_et_pb_use_builder":"on","_et_pb_old_content":"","_et_gb_content_width":"","footnotes":""},"class_list":["post-24574","page","type-page","status-publish","hentry"],"_links":{"self":[{"href":"https:\/\/paseoporlavida.com.ar\/index.php?rest_route=\/wp\/v2\/pages\/24574","targetHints":{"allow":["GET"]}}],"collection":[{"href":"https:\/\/paseoporlavida.com.ar\/index.php?rest_route=\/wp\/v2\/pages"}],"about":[{"href":"https:\/\/paseoporlavida.com.ar\/index.php?rest_route=\/wp\/v2\/types\/page"}],"author":[{"embeddable":true,"href":"https:\/\/paseoporlavida.com.ar\/index.php?rest_route=\/wp\/v2\/users\/1"}],"replies":[{"embeddable":true,"href":"https:\/\/paseoporlavida.com.ar\/index.php?rest_route=%2Fwp%2Fv2%2Fcomments&post=24574"}],"version-history":[{"count":0,"href":"https:\/\/paseoporlavida.com.ar\/index.php?rest_route=\/wp\/v2\/pages\/24574\/revisions"}],"wp:attachment":[{"href":"https:\/\/paseoporlavida.com.ar\/index.php?rest_route=%2Fwp%2Fv2%2Fmedia&parent=24574"}],"curies":[{"name":"wp","href":"https:\/\/api.w.org\/{rel}","templated":true}]}}